{"id":165005,"date":"2025-06-02T10:54:19","date_gmt":"2025-06-02T08:54:19","guid":{"rendered":"https:\/\/www.campingfontaines.com\/?page_id=165005"},"modified":"2025-06-27T14:43:15","modified_gmt":"2025-06-27T12:43:15","slug":"was-kann-man-im-vaucluse","status":"publish","type":"page","link":"https:\/\/www.campingfontaines.com\/de\/was-kann-man-im-vaucluse\/","title":{"rendered":"Das Departement Vaucluse, das Paradies der Ferienunterk\u00fcnfte"},"content":{"rendered":"\n<ul id=\"uk-slider-13\" class=\"wp-block-list\"><\/ul>\n\n\n\n<p>Das Departement Vaucluse z\u00e4hlt sowohl landschaftlich gesehen als auch in Bezug auf die angebotenen Aktivit\u00e4ten zu den vielf\u00e4ltigsten Gegenden Frankreichs. Es erstreckt sich im Herzen der Provence von Orange bis zur Gebirgskette Luberon, von Avignon bis zum Mont Ventoux, und begeistert hier mit seinen Ockerfelsen, dort mit seinen Bergd\u00f6rfern mit engen G\u00e4sschen und erfrischenden Brunnen. Auch die Papststadt Avignon befindet sich in dieser Region.<\/p>\n\n\n\n<p><\/p>\n","protected":false},"excerpt":{"rendered":"<p>Das Departement Vaucluse z\u00e4hlt sowohl landschaftlich gesehen als auch in Bezug auf die angebotenen Aktivit\u00e4ten zu den vielf\u00e4ltigsten Gegenden Frankreichs. Es erstreckt sich im Herzen der Provence von Orange bis zur Gebirgskette Luberon, von Avignon bis zum Mont Ventoux, und begeistert hier mit seinen Ockerfelsen, dort mit seinen Bergd\u00f6rfern mit engen G\u00e4sschen und erfrischenden Brunnen. [&hellip;]<\/p>\n","protected":false},"author":1,"featured_media":0,"parent":0,"menu_order":0,"comment_status":"closed","ping_status":"closed","template":"templates\/template-carte.php","meta":{"_acf_changed":false,"footnotes":""},"class_list":["post-165005","page","type-page","status-publish","hentry"],"acf":[],"yoast_head":"<!-- This site is optimized with the Yoast SEO plugin v27.3 - https:\/\/yoast.com\/product\/yoast-seo-wordpress\/ -->\n<title>Das Departement Vaucluse, das Paradies der Ferienunterk\u00fcnfte - Camping Les Fontaines<\/title>\n<meta name=\"robots\" content=\"index, follow, max-snippet:-1, max-image-preview:large, max-video-preview:-1\" \/>\n<link rel=\"canonical\" href=\"https:\/\/www.campingfontaines.com\/de\/was-kann-man-im-vaucluse\/\" \/>\n<meta property=\"og:locale\" content=\"de_DE\" \/>\n<meta property=\"og:type\" content=\"article\" \/>\n<meta property=\"og:title\" content=\"Das Departement Vaucluse, das Paradies der Ferienunterk\u00fcnfte - Camping Les Fontaines\" \/>\n<meta property=\"og:description\" content=\"Das Departement Vaucluse z\u00e4hlt sowohl landschaftlich gesehen als auch in Bezug auf die angebotenen Aktivit\u00e4ten zu den vielf\u00e4ltigsten Gegenden Frankreichs. Es erstreckt sich im Herzen der Provence von Orange bis zur Gebirgskette Luberon, von Avignon bis zum Mont Ventoux, und begeistert hier mit seinen Ockerfelsen, dort mit seinen Bergd\u00f6rfern mit engen G\u00e4sschen und erfrischenden Brunnen. [&hellip;]\" \/>\n<meta property=\"og:url\" content=\"https:\/\/www.campingfontaines.com\/de\/was-kann-man-im-vaucluse\/\" \/>\n<meta property=\"og:site_name\" content=\"Camping Les Fontaines\" \/>\n<meta property=\"article:modified_time\" content=\"2025-06-27T12:43:15+00:00\" \/>\n<meta name=\"twitter:card\" content=\"summary_large_image\" \/>\n<meta name=\"twitter:label1\" content=\"Gesch\u00e4tzte Lesezeit\" \/>\n\t<meta name=\"twitter:data1\" content=\"1\u00a0Minute\" \/>\n<script type=\"application\/ld+json\" class=\"yoast-schema-graph\">{\"@context\":\"https:\\\/\\\/schema.org\",\"@graph\":[{\"@type\":\"WebPage\",\"@id\":\"https:\\\/\\\/www.campingfontaines.com\\\/de\\\/was-kann-man-im-vaucluse\\\/\",\"url\":\"https:\\\/\\\/www.campingfontaines.com\\\/de\\\/was-kann-man-im-vaucluse\\\/\",\"name\":\"Das Departement Vaucluse, das Paradies der Ferienunterk\u00fcnfte - Camping Les Fontaines\",\"isPartOf\":{\"@id\":\"https:\\\/\\\/www.campingfontaines.com\\\/de\\\/#website\"},\"datePublished\":\"2025-06-02T08:54:19+00:00\",\"dateModified\":\"2025-06-27T12:43:15+00:00\",\"breadcrumb\":{\"@id\":\"https:\\\/\\\/www.campingfontaines.com\\\/de\\\/was-kann-man-im-vaucluse\\\/#breadcrumb\"},\"inLanguage\":\"de\",\"potentialAction\":[{\"@type\":\"ReadAction\",\"target\":[\"https:\\\/\\\/www.campingfontaines.com\\\/de\\\/was-kann-man-im-vaucluse\\\/\"]}]},{\"@type\":\"BreadcrumbList\",\"@id\":\"https:\\\/\\\/www.campingfontaines.com\\\/de\\\/was-kann-man-im-vaucluse\\\/#breadcrumb\",\"itemListElement\":[{\"@type\":\"ListItem\",\"position\":1,\"name\":\"Camping Vaucluse\",\"item\":\"https:\\\/\\\/www.campingfontaines.com\\\/de\\\/\"},{\"@type\":\"ListItem\",\"position\":2,\"name\":\"Das Departement Vaucluse, das Paradies der Ferienunterk\u00fcnfte\"}]},{\"@type\":\"WebSite\",\"@id\":\"https:\\\/\\\/www.campingfontaines.com\\\/de\\\/#website\",\"url\":\"https:\\\/\\\/www.campingfontaines.com\\\/de\\\/\",\"name\":\"Camping Les Fontaines\",\"description\":\"Ciela Village - Camping Les Fontaines\",\"publisher\":{\"@id\":\"https:\\\/\\\/www.campingfontaines.com\\\/de\\\/#organization\"},\"potentialAction\":[{\"@type\":\"SearchAction\",\"target\":{\"@type\":\"EntryPoint\",\"urlTemplate\":\"https:\\\/\\\/www.campingfontaines.com\\\/de\\\/?s={search_term_string}\"},\"query-input\":{\"@type\":\"PropertyValueSpecification\",\"valueRequired\":true,\"valueName\":\"search_term_string\"}}],\"inLanguage\":\"de\"},{\"@type\":\"Organization\",\"@id\":\"https:\\\/\\\/www.campingfontaines.com\\\/de\\\/#organization\",\"name\":\"Campingplatz les Fontaines\",\"url\":\"https:\\\/\\\/www.campingfontaines.com\\\/de\\\/\",\"logo\":{\"@type\":\"ImageObject\",\"inLanguage\":\"de\",\"@id\":\"https:\\\/\\\/www.campingfontaines.com\\\/de\\\/#\\\/schema\\\/logo\\\/image\\\/\",\"url\":\"https:\\\/\\\/www.campingfontaines.com\\\/wp-content\\\/uploads\\\/2020\\\/11\\\/logotype-lesfontaines.png\",\"contentUrl\":\"https:\\\/\\\/www.campingfontaines.com\\\/wp-content\\\/uploads\\\/2020\\\/11\\\/logotype-lesfontaines.png\",\"width\":200,\"height\":62,\"caption\":\"Campingplatz les Fontaines\"},\"image\":{\"@id\":\"https:\\\/\\\/www.campingfontaines.com\\\/de\\\/#\\\/schema\\\/logo\\\/image\\\/\"}}]}<\/script>\n<!-- \/ Yoast SEO plugin. -->","yoast_head_json":{"title":"Das Departement Vaucluse, das Paradies der Ferienunterk\u00fcnfte - Camping Les Fontaines","robots":{"index":"index","follow":"follow","max-snippet":"max-snippet:-1","max-image-preview":"max-image-preview:large","max-video-preview":"max-video-preview:-1"},"canonical":"https:\/\/www.campingfontaines.com\/de\/was-kann-man-im-vaucluse\/","og_locale":"de_DE","og_type":"article","og_title":"Das Departement Vaucluse, das Paradies der Ferienunterk\u00fcnfte - Camping Les Fontaines","og_description":"Das Departement Vaucluse z\u00e4hlt sowohl landschaftlich gesehen als auch in Bezug auf die angebotenen Aktivit\u00e4ten zu den vielf\u00e4ltigsten Gegenden Frankreichs. Es erstreckt sich im Herzen der Provence von Orange bis zur Gebirgskette Luberon, von Avignon bis zum Mont Ventoux, und begeistert hier mit seinen Ockerfelsen, dort mit seinen Bergd\u00f6rfern mit engen G\u00e4sschen und erfrischenden Brunnen. [&hellip;]","og_url":"https:\/\/www.campingfontaines.com\/de\/was-kann-man-im-vaucluse\/","og_site_name":"Camping Les Fontaines","article_modified_time":"2025-06-27T12:43:15+00:00","twitter_card":"summary_large_image","twitter_misc":{"Gesch\u00e4tzte Lesezeit":"1\u00a0Minute"},"schema":{"@context":"https:\/\/schema.org","@graph":[{"@type":"WebPage","@id":"https:\/\/www.campingfontaines.com\/de\/was-kann-man-im-vaucluse\/","url":"https:\/\/www.campingfontaines.com\/de\/was-kann-man-im-vaucluse\/","name":"Das Departement Vaucluse, das Paradies der Ferienunterk\u00fcnfte - Camping Les Fontaines","isPartOf":{"@id":"https:\/\/www.campingfontaines.com\/de\/#website"},"datePublished":"2025-06-02T08:54:19+00:00","dateModified":"2025-06-27T12:43:15+00:00","breadcrumb":{"@id":"https:\/\/www.campingfontaines.com\/de\/was-kann-man-im-vaucluse\/#breadcrumb"},"inLanguage":"de","potentialAction":[{"@type":"ReadAction","target":["https:\/\/www.campingfontaines.com\/de\/was-kann-man-im-vaucluse\/"]}]},{"@type":"BreadcrumbList","@id":"https:\/\/www.campingfontaines.com\/de\/was-kann-man-im-vaucluse\/#breadcrumb","itemListElement":[{"@type":"ListItem","position":1,"name":"Camping Vaucluse","item":"https:\/\/www.campingfontaines.com\/de\/"},{"@type":"ListItem","position":2,"name":"Das Departement Vaucluse, das Paradies der Ferienunterk\u00fcnfte"}]},{"@type":"WebSite","@id":"https:\/\/www.campingfontaines.com\/de\/#website","url":"https:\/\/www.campingfontaines.com\/de\/","name":"Camping Les Fontaines","description":"Ciela Village - Camping Les Fontaines","publisher":{"@id":"https:\/\/www.campingfontaines.com\/de\/#organization"},"potentialAction":[{"@type":"SearchAction","target":{"@type":"EntryPoint","urlTemplate":"https:\/\/www.campingfontaines.com\/de\/?s={search_term_string}"},"query-input":{"@type":"PropertyValueSpecification","valueRequired":true,"valueName":"search_term_string"}}],"inLanguage":"de"},{"@type":"Organization","@id":"https:\/\/www.campingfontaines.com\/de\/#organization","name":"Campingplatz les Fontaines","url":"https:\/\/www.campingfontaines.com\/de\/","logo":{"@type":"ImageObject","inLanguage":"de","@id":"https:\/\/www.campingfontaines.com\/de\/#\/schema\/logo\/image\/","url":"https:\/\/www.campingfontaines.com\/wp-content\/uploads\/2020\/11\/logotype-lesfontaines.png","contentUrl":"https:\/\/www.campingfontaines.com\/wp-content\/uploads\/2020\/11\/logotype-lesfontaines.png","width":200,"height":62,"caption":"Campingplatz les Fontaines"},"image":{"@id":"https:\/\/www.campingfontaines.com\/de\/#\/schema\/logo\/image\/"}}]}},"_links":{"self":[{"href":"https:\/\/www.campingfontaines.com\/de\/wp-json\/wp\/v2\/pages\/165005","targetHints":{"allow":["GET"]}}],"collection":[{"href":"https:\/\/www.campingfontaines.com\/de\/wp-json\/wp\/v2\/pages"}],"about":[{"href":"https:\/\/www.campingfontaines.com\/de\/wp-json\/wp\/v2\/types\/page"}],"author":[{"embeddable":true,"href":"https:\/\/www.campingfontaines.com\/de\/wp-json\/wp\/v2\/users\/1"}],"replies":[{"embeddable":true,"href":"https:\/\/www.campingfontaines.com\/de\/wp-json\/wp\/v2\/comments?post=165005"}],"version-history":[{"count":5,"href":"https:\/\/www.campingfontaines.com\/de\/wp-json\/wp\/v2\/pages\/165005\/revisions"}],"predecessor-version":[{"id":213535,"href":"https:\/\/www.campingfontaines.com\/de\/wp-json\/wp\/v2\/pages\/165005\/revisions\/213535"}],"wp:attachment":[{"href":"https:\/\/www.campingfontaines.com\/de\/wp-json\/wp\/v2\/media?parent=165005"}],"curies":[{"name":"wp","href":"https:\/\/api.w.org\/{rel}","templated":true}]}}