{"id":1571,"date":"2021-02-09T12:51:58","date_gmt":"2021-02-09T11:51:58","guid":{"rendered":"https:\/\/www.campingfontaines.com\/neuheiten-2021-auf-dem-campingplatz-les-fontaines\/"},"modified":"2021-02-09T12:51:58","modified_gmt":"2021-02-09T11:51:58","slug":"neuheiten-2021-auf-dem-campingplatz-les-fontaines","status":"publish","type":"page","link":"https:\/\/www.campingfontaines.com\/de\/neuheiten-2021-auf-dem-campingplatz-les-fontaines\/","title":{"rendered":"Neuheiten 2021 auf dem Campingplatz Les Fontaines"},"content":{"rendered":"<h2><strong>Das neue Mobilheim \u201eTribu\u201c freut sich auf seine ersten G\u00e4ste<\/strong><\/h2>\n<p>Entdecken Sie jetzt unser neues Mobilheim \u201eCiela Prestige Tribu\u201c, das speziell f\u00fcr G\u00e4ste entwickelt wurde, die in einer gr\u00f6\u00dferen Gruppe anreisen! Das tolle an dieser Unterkunft: Sie besteht aus zwei separaten Mobilheimen, die durch eine gro\u00dfe Holzterrasse miteinander verbunden sind, sodass trotzdem jeder seine Privatsph\u00e4re genie\u00dfen kann. Das zweigeteilte Mobilheim befindet sich auf einem sch\u00f6nen, baumbestandenen Stellplatz und bietet Platz f\u00fcr bis zu 8\u00a0Personen. Sie werden es einfach lieben!<\/p>\n<p style=\"text-align: justify;\">Egal ob Sie mit Ihrer Gro\u00dffamilie, mit einer Gruppe von Freunden, Ihren Eltern, Gro\u00dfeltern oder Enkeln anreisen: Dieses Mobilheim ist genau das Richtige f\u00fcr Sie!<\/p>\n<p><img decoding=\"async\" class=\"aligncenter wp-image-1515 size-full\" src=\"https:\/\/www.campingfontaines.com\/wp-content\/uploads\/2021\/01\/nouveaute2021_1.jpg\" alt=\"\" width=\"800\" height=\"303\" srcset=\"https:\/\/www.campingfontaines.com\/wp-content\/uploads\/2021\/01\/nouveaute2021_1.jpg 800w, https:\/\/www.campingfontaines.com\/wp-content\/uploads\/2021\/01\/nouveaute2021_1-300x114.jpg 300w, https:\/\/www.campingfontaines.com\/wp-content\/uploads\/2021\/01\/nouveaute2021_1-768x291.jpg 768w\" sizes=\"(max-width: 800px) 100vw, 800px\" \/><\/p>\n<h2><strong>Neuer Ciela Village-Infokanal<\/strong><\/h2>\n<p style=\"text-align: justify;\">Wenn Sie sich fragen, was auf dem Campingplatz Les Fontaines gerade los ist, dann werfen Sie doch einen Blick auf einen unserer Fernsehbildschirme! Dort wird eine Vielzahl an Informationen angezeigt, die Sie w\u00e4hrend Ihres Aufenthalts sicher gebrauchen k\u00f6nnen. Aktivit\u00e4ten, Animationsprogramm, Fahrpl\u00e4ne, Freizeitaktivit\u00e4ten in der N\u00e4he\u00a0\u2013 auf unseren Bildschirmen finden Sie alle Informationen, die Sie brauchen!<\/p>\n","protected":false},"excerpt":{"rendered":"<p>Das neue Mobilheim \u201eTribu\u201c freut sich auf seine ersten G\u00e4ste Entdecken Sie jetzt unser neues Mobilheim \u201eCiela Prestige Tribu\u201c, das speziell f\u00fcr G\u00e4ste entwickelt wurde, die in einer gr\u00f6\u00dferen Gruppe anreisen! Das tolle an dieser Unterkunft: Sie besteht aus zwei separaten Mobilheimen, die durch eine gro\u00dfe Holzterrasse miteinander verbunden sind, sodass trotzdem jeder seine Privatsph\u00e4re [&hellip;]<\/p>\n","protected":false},"author":1,"featured_media":0,"parent":0,"menu_order":0,"comment_status":"closed","ping_status":"closed","template":"","meta":{"_acf_changed":false,"footnotes":""},"class_list":["post-1571","page","type-page","status-publish","hentry"],"acf":[],"yoast_head":"<!-- This site is optimized with the Yoast SEO plugin v27.3 - https:\/\/yoast.com\/product\/yoast-seo-wordpress\/ -->\n<title>Neuheiten 2021 auf dem Campingplatz Les Fontaines - Camping Les Fontaines<\/title>\n<meta name=\"robots\" content=\"index, follow, max-snippet:-1, max-image-preview:large, max-video-preview:-1\" \/>\n<link rel=\"canonical\" href=\"https:\/\/www.campingfontaines.com\/de\/neuheiten-2021-auf-dem-campingplatz-les-fontaines\/\" \/>\n<meta property=\"og:locale\" content=\"de_DE\" \/>\n<meta property=\"og:type\" content=\"article\" \/>\n<meta property=\"og:title\" content=\"Neuheiten 2021 auf dem Campingplatz Les Fontaines - Camping Les Fontaines\" \/>\n<meta property=\"og:description\" content=\"Das neue Mobilheim \u201eTribu\u201c freut sich auf seine ersten G\u00e4ste Entdecken Sie jetzt unser neues Mobilheim \u201eCiela Prestige Tribu\u201c, das speziell f\u00fcr G\u00e4ste entwickelt wurde, die in einer gr\u00f6\u00dferen Gruppe anreisen! Das tolle an dieser Unterkunft: Sie besteht aus zwei separaten Mobilheimen, die durch eine gro\u00dfe Holzterrasse miteinander verbunden sind, sodass trotzdem jeder seine Privatsph\u00e4re [&hellip;]\" \/>\n<meta property=\"og:url\" content=\"https:\/\/www.campingfontaines.com\/de\/neuheiten-2021-auf-dem-campingplatz-les-fontaines\/\" \/>\n<meta property=\"og:site_name\" content=\"Camping Les Fontaines\" \/>\n<meta property=\"og:image\" content=\"https:\/\/www.campingfontaines.com\/wp-content\/uploads\/2021\/01\/nouveaute2021_1.jpg\" \/>\n<meta name=\"twitter:card\" content=\"summary_large_image\" \/>\n<meta name=\"twitter:label1\" content=\"Gesch\u00e4tzte Lesezeit\" \/>\n\t<meta name=\"twitter:data1\" content=\"1\u00a0Minute\" \/>\n<script type=\"application\/ld+json\" class=\"yoast-schema-graph\">{\"@context\":\"https:\\\/\\\/schema.org\",\"@graph\":[{\"@type\":\"WebPage\",\"@id\":\"https:\\\/\\\/www.campingfontaines.com\\\/de\\\/neuheiten-2021-auf-dem-campingplatz-les-fontaines\\\/\",\"url\":\"https:\\\/\\\/www.campingfontaines.com\\\/de\\\/neuheiten-2021-auf-dem-campingplatz-les-fontaines\\\/\",\"name\":\"Neuheiten 2021 auf dem Campingplatz Les Fontaines - Camping Les Fontaines\",\"isPartOf\":{\"@id\":\"https:\\\/\\\/www.campingfontaines.com\\\/de\\\/#website\"},\"primaryImageOfPage\":{\"@id\":\"https:\\\/\\\/www.campingfontaines.com\\\/de\\\/neuheiten-2021-auf-dem-campingplatz-les-fontaines\\\/#primaryimage\"},\"image\":{\"@id\":\"https:\\\/\\\/www.campingfontaines.com\\\/de\\\/neuheiten-2021-auf-dem-campingplatz-les-fontaines\\\/#primaryimage\"},\"thumbnailUrl\":\"https:\\\/\\\/www.campingfontaines.com\\\/wp-content\\\/uploads\\\/2021\\\/01\\\/nouveaute2021_1.jpg\",\"datePublished\":\"2021-02-09T11:51:58+00:00\",\"breadcrumb\":{\"@id\":\"https:\\\/\\\/www.campingfontaines.com\\\/de\\\/neuheiten-2021-auf-dem-campingplatz-les-fontaines\\\/#breadcrumb\"},\"inLanguage\":\"de\",\"potentialAction\":[{\"@type\":\"ReadAction\",\"target\":[\"https:\\\/\\\/www.campingfontaines.com\\\/de\\\/neuheiten-2021-auf-dem-campingplatz-les-fontaines\\\/\"]}]},{\"@type\":\"ImageObject\",\"inLanguage\":\"de\",\"@id\":\"https:\\\/\\\/www.campingfontaines.com\\\/de\\\/neuheiten-2021-auf-dem-campingplatz-les-fontaines\\\/#primaryimage\",\"url\":\"https:\\\/\\\/www.campingfontaines.com\\\/wp-content\\\/uploads\\\/2021\\\/01\\\/nouveaute2021_1.jpg\",\"contentUrl\":\"https:\\\/\\\/www.campingfontaines.com\\\/wp-content\\\/uploads\\\/2021\\\/01\\\/nouveaute2021_1.jpg\"},{\"@type\":\"BreadcrumbList\",\"@id\":\"https:\\\/\\\/www.campingfontaines.com\\\/de\\\/neuheiten-2021-auf-dem-campingplatz-les-fontaines\\\/#breadcrumb\",\"itemListElement\":[{\"@type\":\"ListItem\",\"position\":1,\"name\":\"Camping Vaucluse\",\"item\":\"https:\\\/\\\/www.campingfontaines.com\\\/de\\\/\"},{\"@type\":\"ListItem\",\"position\":2,\"name\":\"Neuheiten 2021 auf dem Campingplatz Les Fontaines\"}]},{\"@type\":\"WebSite\",\"@id\":\"https:\\\/\\\/www.campingfontaines.com\\\/de\\\/#website\",\"url\":\"https:\\\/\\\/www.campingfontaines.com\\\/de\\\/\",\"name\":\"Camping Les Fontaines\",\"description\":\"Ciela Village - Camping Les Fontaines\",\"publisher\":{\"@id\":\"https:\\\/\\\/www.campingfontaines.com\\\/de\\\/#organization\"},\"potentialAction\":[{\"@type\":\"SearchAction\",\"target\":{\"@type\":\"EntryPoint\",\"urlTemplate\":\"https:\\\/\\\/www.campingfontaines.com\\\/de\\\/?s={search_term_string}\"},\"query-input\":{\"@type\":\"PropertyValueSpecification\",\"valueRequired\":true,\"valueName\":\"search_term_string\"}}],\"inLanguage\":\"de\"},{\"@type\":\"Organization\",\"@id\":\"https:\\\/\\\/www.campingfontaines.com\\\/de\\\/#organization\",\"name\":\"Campingplatz les Fontaines\",\"url\":\"https:\\\/\\\/www.campingfontaines.com\\\/de\\\/\",\"logo\":{\"@type\":\"ImageObject\",\"inLanguage\":\"de\",\"@id\":\"https:\\\/\\\/www.campingfontaines.com\\\/de\\\/#\\\/schema\\\/logo\\\/image\\\/\",\"url\":\"https:\\\/\\\/www.campingfontaines.com\\\/wp-content\\\/uploads\\\/2020\\\/11\\\/logotype-lesfontaines.png\",\"contentUrl\":\"https:\\\/\\\/www.campingfontaines.com\\\/wp-content\\\/uploads\\\/2020\\\/11\\\/logotype-lesfontaines.png\",\"width\":200,\"height\":62,\"caption\":\"Campingplatz les Fontaines\"},\"image\":{\"@id\":\"https:\\\/\\\/www.campingfontaines.com\\\/de\\\/#\\\/schema\\\/logo\\\/image\\\/\"}}]}<\/script>\n<!-- \/ Yoast SEO plugin. -->","yoast_head_json":{"title":"Neuheiten 2021 auf dem Campingplatz Les Fontaines - Camping Les Fontaines","robots":{"index":"index","follow":"follow","max-snippet":"max-snippet:-1","max-image-preview":"max-image-preview:large","max-video-preview":"max-video-preview:-1"},"canonical":"https:\/\/www.campingfontaines.com\/de\/neuheiten-2021-auf-dem-campingplatz-les-fontaines\/","og_locale":"de_DE","og_type":"article","og_title":"Neuheiten 2021 auf dem Campingplatz Les Fontaines - Camping Les Fontaines","og_description":"Das neue Mobilheim \u201eTribu\u201c freut sich auf seine ersten G\u00e4ste Entdecken Sie jetzt unser neues Mobilheim \u201eCiela Prestige Tribu\u201c, das speziell f\u00fcr G\u00e4ste entwickelt wurde, die in einer gr\u00f6\u00dferen Gruppe anreisen! Das tolle an dieser Unterkunft: Sie besteht aus zwei separaten Mobilheimen, die durch eine gro\u00dfe Holzterrasse miteinander verbunden sind, sodass trotzdem jeder seine Privatsph\u00e4re [&hellip;]","og_url":"https:\/\/www.campingfontaines.com\/de\/neuheiten-2021-auf-dem-campingplatz-les-fontaines\/","og_site_name":"Camping Les Fontaines","og_image":[{"url":"https:\/\/www.campingfontaines.com\/wp-content\/uploads\/2021\/01\/nouveaute2021_1.jpg","type":"","width":"","height":""}],"twitter_card":"summary_large_image","twitter_misc":{"Gesch\u00e4tzte Lesezeit":"1\u00a0Minute"},"schema":{"@context":"https:\/\/schema.org","@graph":[{"@type":"WebPage","@id":"https:\/\/www.campingfontaines.com\/de\/neuheiten-2021-auf-dem-campingplatz-les-fontaines\/","url":"https:\/\/www.campingfontaines.com\/de\/neuheiten-2021-auf-dem-campingplatz-les-fontaines\/","name":"Neuheiten 2021 auf dem Campingplatz Les Fontaines - Camping Les Fontaines","isPartOf":{"@id":"https:\/\/www.campingfontaines.com\/de\/#website"},"primaryImageOfPage":{"@id":"https:\/\/www.campingfontaines.com\/de\/neuheiten-2021-auf-dem-campingplatz-les-fontaines\/#primaryimage"},"image":{"@id":"https:\/\/www.campingfontaines.com\/de\/neuheiten-2021-auf-dem-campingplatz-les-fontaines\/#primaryimage"},"thumbnailUrl":"https:\/\/www.campingfontaines.com\/wp-content\/uploads\/2021\/01\/nouveaute2021_1.jpg","datePublished":"2021-02-09T11:51:58+00:00","breadcrumb":{"@id":"https:\/\/www.campingfontaines.com\/de\/neuheiten-2021-auf-dem-campingplatz-les-fontaines\/#breadcrumb"},"inLanguage":"de","potentialAction":[{"@type":"ReadAction","target":["https:\/\/www.campingfontaines.com\/de\/neuheiten-2021-auf-dem-campingplatz-les-fontaines\/"]}]},{"@type":"ImageObject","inLanguage":"de","@id":"https:\/\/www.campingfontaines.com\/de\/neuheiten-2021-auf-dem-campingplatz-les-fontaines\/#primaryimage","url":"https:\/\/www.campingfontaines.com\/wp-content\/uploads\/2021\/01\/nouveaute2021_1.jpg","contentUrl":"https:\/\/www.campingfontaines.com\/wp-content\/uploads\/2021\/01\/nouveaute2021_1.jpg"},{"@type":"BreadcrumbList","@id":"https:\/\/www.campingfontaines.com\/de\/neuheiten-2021-auf-dem-campingplatz-les-fontaines\/#breadcrumb","itemListElement":[{"@type":"ListItem","position":1,"name":"Camping Vaucluse","item":"https:\/\/www.campingfontaines.com\/de\/"},{"@type":"ListItem","position":2,"name":"Neuheiten 2021 auf dem Campingplatz Les Fontaines"}]},{"@type":"WebSite","@id":"https:\/\/www.campingfontaines.com\/de\/#website","url":"https:\/\/www.campingfontaines.com\/de\/","name":"Camping Les Fontaines","description":"Ciela Village - Camping Les Fontaines","publisher":{"@id":"https:\/\/www.campingfontaines.com\/de\/#organization"},"potentialAction":[{"@type":"SearchAction","target":{"@type":"EntryPoint","urlTemplate":"https:\/\/www.campingfontaines.com\/de\/?s={search_term_string}"},"query-input":{"@type":"PropertyValueSpecification","valueRequired":true,"valueName":"search_term_string"}}],"inLanguage":"de"},{"@type":"Organization","@id":"https:\/\/www.campingfontaines.com\/de\/#organization","name":"Campingplatz les Fontaines","url":"https:\/\/www.campingfontaines.com\/de\/","logo":{"@type":"ImageObject","inLanguage":"de","@id":"https:\/\/www.campingfontaines.com\/de\/#\/schema\/logo\/image\/","url":"https:\/\/www.campingfontaines.com\/wp-content\/uploads\/2020\/11\/logotype-lesfontaines.png","contentUrl":"https:\/\/www.campingfontaines.com\/wp-content\/uploads\/2020\/11\/logotype-lesfontaines.png","width":200,"height":62,"caption":"Campingplatz les Fontaines"},"image":{"@id":"https:\/\/www.campingfontaines.com\/de\/#\/schema\/logo\/image\/"}}]}},"_links":{"self":[{"href":"https:\/\/www.campingfontaines.com\/de\/wp-json\/wp\/v2\/pages\/1571","targetHints":{"allow":["GET"]}}],"collection":[{"href":"https:\/\/www.campingfontaines.com\/de\/wp-json\/wp\/v2\/pages"}],"about":[{"href":"https:\/\/www.campingfontaines.com\/de\/wp-json\/wp\/v2\/types\/page"}],"author":[{"embeddable":true,"href":"https:\/\/www.campingfontaines.com\/de\/wp-json\/wp\/v2\/users\/1"}],"replies":[{"embeddable":true,"href":"https:\/\/www.campingfontaines.com\/de\/wp-json\/wp\/v2\/comments?post=1571"}],"version-history":[{"count":0,"href":"https:\/\/www.campingfontaines.com\/de\/wp-json\/wp\/v2\/pages\/1571\/revisions"}],"wp:attachment":[{"href":"https:\/\/www.campingfontaines.com\/de\/wp-json\/wp\/v2\/media?parent=1571"}],"curies":[{"name":"wp","href":"https:\/\/api.w.org\/{rel}","templated":true}]}}