{"id":1191,"date":"2020-10-09T16:12:43","date_gmt":"2020-10-09T14:12:43","guid":{"rendered":"https:\/\/www.campingfontaines.com\/anreise\/"},"modified":"2022-01-12T10:07:16","modified_gmt":"2022-01-12T09:07:16","slug":"anreise","status":"publish","type":"page","link":"https:\/\/www.campingfontaines.com\/de\/anreise\/","title":{"rendered":"Anreise zun Campingplatz Les Fontaines und Buchung"},"content":{"rendered":"\n<p><strong>Einen Aufenthalt auf dem Campingplatz Les Fontaines buchen<\/strong><\/p>\n\n\n\n<p>Sie m\u00f6chten Ihren Aufenthalt auf dem Campingplatz Les Fontaines bereits im Vorhinein buchen?<\/p>\n\n\n\n<p>Nachdem Sie auf unserer Website oder per Telefon die Verf\u00fcgbarkeit \u00fcberpr\u00fcft haben, k\u00f6nnen Sie auf folgende Arten buchen:<\/p>\n\n\n\n<p>\u2022 \u00dcBER UNSERE WEBSITE: Buchen Sie unter <a href=\"https:\/\/www.campingfontaines.com\/de\/\">www.campingfontaines.com<\/a> und schlie\u00dfen Sie Ihre Buchung \u00fcber den sicheren Zahlungsserver ab<br>\u2022 PER E-MAIL: : <a href=\"mailto:lesfontaines@cielavillage.com\">lesfontaines@cielavillage.com<\/a><br>\u2022 PER TELEFON : +33 (0)4 90 46 82<br>\u2022 PER POST : 125 chemin de la Chapelette 84210 Pernes-les-Fontaines FRANCE<\/p>\n\n\n\n\n","protected":false},"excerpt":{"rendered":"<p>Einen Aufenthalt auf dem Campingplatz Les Fontaines buchen Sie m\u00f6chten Ihren Aufenthalt auf dem Campingplatz Les Fontaines bereits im Vorhinein buchen? Nachdem Sie auf unserer Website oder per Telefon die Verf\u00fcgbarkeit \u00fcberpr\u00fcft haben, k\u00f6nnen Sie auf folgende Arten buchen: \u2022 \u00dcBER UNSERE WEBSITE: Buchen Sie unter www.campingfontaines.com und schlie\u00dfen Sie Ihre Buchung \u00fcber den sicheren [&hellip;]<\/p>\n","protected":false},"author":1,"featured_media":0,"parent":0,"menu_order":0,"comment_status":"closed","ping_status":"closed","template":"","meta":{"_acf_changed":false,"footnotes":""},"class_list":["post-1191","page","type-page","status-publish","hentry"],"acf":[],"yoast_head":"<!-- This site is optimized with the Yoast SEO plugin v27.3 - https:\/\/yoast.com\/product\/yoast-seo-wordpress\/ -->\n<title>Wie in Pernes les Fontaines im Vaucluse zu bekommen?<\/title>\n<meta name=\"robots\" content=\"index, follow, max-snippet:-1, max-image-preview:large, max-video-preview:-1\" \/>\n<link rel=\"canonical\" href=\"https:\/\/www.campingfontaines.com\/de\/anreise\/\" \/>\n<meta property=\"og:locale\" content=\"de_DE\" \/>\n<meta property=\"og:type\" content=\"article\" \/>\n<meta property=\"og:title\" content=\"Wie in Pernes les Fontaines im Vaucluse zu bekommen?\" \/>\n<meta property=\"og:description\" content=\"Einen Aufenthalt auf dem Campingplatz Les Fontaines buchen Sie m\u00f6chten Ihren Aufenthalt auf dem Campingplatz Les Fontaines bereits im Vorhinein buchen? Nachdem Sie auf unserer Website oder per Telefon die Verf\u00fcgbarkeit \u00fcberpr\u00fcft haben, k\u00f6nnen Sie auf folgende Arten buchen: \u2022 \u00dcBER UNSERE WEBSITE: Buchen Sie unter www.campingfontaines.com und schlie\u00dfen Sie Ihre Buchung \u00fcber den sicheren [&hellip;]\" \/>\n<meta property=\"og:url\" content=\"https:\/\/www.campingfontaines.com\/de\/anreise\/\" \/>\n<meta property=\"og:site_name\" content=\"Camping Les Fontaines\" \/>\n<meta property=\"article:modified_time\" content=\"2022-01-12T09:07:16+00:00\" \/>\n<meta name=\"twitter:card\" content=\"summary_large_image\" \/>\n<meta name=\"twitter:label1\" content=\"Gesch\u00e4tzte Lesezeit\" \/>\n\t<meta name=\"twitter:data1\" content=\"1\u00a0Minute\" \/>\n<script type=\"application\/ld+json\" class=\"yoast-schema-graph\">{\"@context\":\"https:\\\/\\\/schema.org\",\"@graph\":[{\"@type\":\"WebPage\",\"@id\":\"https:\\\/\\\/www.campingfontaines.com\\\/de\\\/anreise\\\/\",\"url\":\"https:\\\/\\\/www.campingfontaines.com\\\/de\\\/anreise\\\/\",\"name\":\"Wie in Pernes les Fontaines im Vaucluse zu bekommen?\",\"isPartOf\":{\"@id\":\"https:\\\/\\\/www.campingfontaines.com\\\/de\\\/#website\"},\"datePublished\":\"2020-10-09T14:12:43+00:00\",\"dateModified\":\"2022-01-12T09:07:16+00:00\",\"breadcrumb\":{\"@id\":\"https:\\\/\\\/www.campingfontaines.com\\\/de\\\/anreise\\\/#breadcrumb\"},\"inLanguage\":\"de\",\"potentialAction\":[{\"@type\":\"ReadAction\",\"target\":[\"https:\\\/\\\/www.campingfontaines.com\\\/de\\\/anreise\\\/\"]}]},{\"@type\":\"BreadcrumbList\",\"@id\":\"https:\\\/\\\/www.campingfontaines.com\\\/de\\\/anreise\\\/#breadcrumb\",\"itemListElement\":[{\"@type\":\"ListItem\",\"position\":1,\"name\":\"Camping Vaucluse\",\"item\":\"https:\\\/\\\/www.campingfontaines.com\\\/de\\\/\"},{\"@type\":\"ListItem\",\"position\":2,\"name\":\"Anreise zun Campingplatz Les Fontaines und Buchung\"}]},{\"@type\":\"WebSite\",\"@id\":\"https:\\\/\\\/www.campingfontaines.com\\\/de\\\/#website\",\"url\":\"https:\\\/\\\/www.campingfontaines.com\\\/de\\\/\",\"name\":\"Camping Les Fontaines\",\"description\":\"Ciela Village - Camping Les Fontaines\",\"publisher\":{\"@id\":\"https:\\\/\\\/www.campingfontaines.com\\\/de\\\/#organization\"},\"potentialAction\":[{\"@type\":\"SearchAction\",\"target\":{\"@type\":\"EntryPoint\",\"urlTemplate\":\"https:\\\/\\\/www.campingfontaines.com\\\/de\\\/?s={search_term_string}\"},\"query-input\":{\"@type\":\"PropertyValueSpecification\",\"valueRequired\":true,\"valueName\":\"search_term_string\"}}],\"inLanguage\":\"de\"},{\"@type\":\"Organization\",\"@id\":\"https:\\\/\\\/www.campingfontaines.com\\\/de\\\/#organization\",\"name\":\"Campingplatz les Fontaines\",\"url\":\"https:\\\/\\\/www.campingfontaines.com\\\/de\\\/\",\"logo\":{\"@type\":\"ImageObject\",\"inLanguage\":\"de\",\"@id\":\"https:\\\/\\\/www.campingfontaines.com\\\/de\\\/#\\\/schema\\\/logo\\\/image\\\/\",\"url\":\"https:\\\/\\\/www.campingfontaines.com\\\/wp-content\\\/uploads\\\/2020\\\/11\\\/logotype-lesfontaines.png\",\"contentUrl\":\"https:\\\/\\\/www.campingfontaines.com\\\/wp-content\\\/uploads\\\/2020\\\/11\\\/logotype-lesfontaines.png\",\"width\":200,\"height\":62,\"caption\":\"Campingplatz les Fontaines\"},\"image\":{\"@id\":\"https:\\\/\\\/www.campingfontaines.com\\\/de\\\/#\\\/schema\\\/logo\\\/image\\\/\"}}]}<\/script>\n<!-- \/ Yoast SEO plugin. -->","yoast_head_json":{"title":"Wie in Pernes les Fontaines im Vaucluse zu bekommen?","robots":{"index":"index","follow":"follow","max-snippet":"max-snippet:-1","max-image-preview":"max-image-preview:large","max-video-preview":"max-video-preview:-1"},"canonical":"https:\/\/www.campingfontaines.com\/de\/anreise\/","og_locale":"de_DE","og_type":"article","og_title":"Wie in Pernes les Fontaines im Vaucluse zu bekommen?","og_description":"Einen Aufenthalt auf dem Campingplatz Les Fontaines buchen Sie m\u00f6chten Ihren Aufenthalt auf dem Campingplatz Les Fontaines bereits im Vorhinein buchen? Nachdem Sie auf unserer Website oder per Telefon die Verf\u00fcgbarkeit \u00fcberpr\u00fcft haben, k\u00f6nnen Sie auf folgende Arten buchen: \u2022 \u00dcBER UNSERE WEBSITE: Buchen Sie unter www.campingfontaines.com und schlie\u00dfen Sie Ihre Buchung \u00fcber den sicheren [&hellip;]","og_url":"https:\/\/www.campingfontaines.com\/de\/anreise\/","og_site_name":"Camping Les Fontaines","article_modified_time":"2022-01-12T09:07:16+00:00","twitter_card":"summary_large_image","twitter_misc":{"Gesch\u00e4tzte Lesezeit":"1\u00a0Minute"},"schema":{"@context":"https:\/\/schema.org","@graph":[{"@type":"WebPage","@id":"https:\/\/www.campingfontaines.com\/de\/anreise\/","url":"https:\/\/www.campingfontaines.com\/de\/anreise\/","name":"Wie in Pernes les Fontaines im Vaucluse zu bekommen?","isPartOf":{"@id":"https:\/\/www.campingfontaines.com\/de\/#website"},"datePublished":"2020-10-09T14:12:43+00:00","dateModified":"2022-01-12T09:07:16+00:00","breadcrumb":{"@id":"https:\/\/www.campingfontaines.com\/de\/anreise\/#breadcrumb"},"inLanguage":"de","potentialAction":[{"@type":"ReadAction","target":["https:\/\/www.campingfontaines.com\/de\/anreise\/"]}]},{"@type":"BreadcrumbList","@id":"https:\/\/www.campingfontaines.com\/de\/anreise\/#breadcrumb","itemListElement":[{"@type":"ListItem","position":1,"name":"Camping Vaucluse","item":"https:\/\/www.campingfontaines.com\/de\/"},{"@type":"ListItem","position":2,"name":"Anreise zun Campingplatz Les Fontaines und Buchung"}]},{"@type":"WebSite","@id":"https:\/\/www.campingfontaines.com\/de\/#website","url":"https:\/\/www.campingfontaines.com\/de\/","name":"Camping Les Fontaines","description":"Ciela Village - Camping Les Fontaines","publisher":{"@id":"https:\/\/www.campingfontaines.com\/de\/#organization"},"potentialAction":[{"@type":"SearchAction","target":{"@type":"EntryPoint","urlTemplate":"https:\/\/www.campingfontaines.com\/de\/?s={search_term_string}"},"query-input":{"@type":"PropertyValueSpecification","valueRequired":true,"valueName":"search_term_string"}}],"inLanguage":"de"},{"@type":"Organization","@id":"https:\/\/www.campingfontaines.com\/de\/#organization","name":"Campingplatz les Fontaines","url":"https:\/\/www.campingfontaines.com\/de\/","logo":{"@type":"ImageObject","inLanguage":"de","@id":"https:\/\/www.campingfontaines.com\/de\/#\/schema\/logo\/image\/","url":"https:\/\/www.campingfontaines.com\/wp-content\/uploads\/2020\/11\/logotype-lesfontaines.png","contentUrl":"https:\/\/www.campingfontaines.com\/wp-content\/uploads\/2020\/11\/logotype-lesfontaines.png","width":200,"height":62,"caption":"Campingplatz les Fontaines"},"image":{"@id":"https:\/\/www.campingfontaines.com\/de\/#\/schema\/logo\/image\/"}}]}},"_links":{"self":[{"href":"https:\/\/www.campingfontaines.com\/de\/wp-json\/wp\/v2\/pages\/1191","targetHints":{"allow":["GET"]}}],"collection":[{"href":"https:\/\/www.campingfontaines.com\/de\/wp-json\/wp\/v2\/pages"}],"about":[{"href":"https:\/\/www.campingfontaines.com\/de\/wp-json\/wp\/v2\/types\/page"}],"author":[{"embeddable":true,"href":"https:\/\/www.campingfontaines.com\/de\/wp-json\/wp\/v2\/users\/1"}],"replies":[{"embeddable":true,"href":"https:\/\/www.campingfontaines.com\/de\/wp-json\/wp\/v2\/comments?post=1191"}],"version-history":[{"count":6,"href":"https:\/\/www.campingfontaines.com\/de\/wp-json\/wp\/v2\/pages\/1191\/revisions"}],"predecessor-version":[{"id":2400,"href":"https:\/\/www.campingfontaines.com\/de\/wp-json\/wp\/v2\/pages\/1191\/revisions\/2400"}],"wp:attachment":[{"href":"https:\/\/www.campingfontaines.com\/de\/wp-json\/wp\/v2\/media?parent=1191"}],"curies":[{"name":"wp","href":"https:\/\/api.w.org\/{rel}","templated":true}]}}